{"id":6723,"date":"2025-04-04T11:50:09","date_gmt":"2025-04-04T09:50:09","guid":{"rendered":"https:\/\/pasapas.es\/?page_id=6723"},"modified":"2025-05-09T08:45:01","modified_gmt":"2025-05-09T06:45:01","slug":"politica-de-cookies","status":"publish","type":"page","link":"https:\/\/pasapas.es\/es\/politica-de-cookies\/","title":{"rendered":"Pol\u00edtica de Cookies"},"content":{"rendered":"\t\t<div data-elementor-type=\"wp-page\" data-elementor-id=\"6723\" class=\"elementor elementor-6723 elementor-6722\">\n\t\t\t\t\t\t<section class=\"elementor-section elementor-top-section elementor-element elementor-element-09a3899 elementor-section-full_width elementor-section-stretched elementor-section-height-default elementor-section-height-default\" data-id=\"09a3899\" data-element_type=\"section\" data-settings=\"{&quot;stretch_section&quot;:&quot;section-stretched&quot;}\">\n\t\t\t\t\t\t<div class=\"elementor-container elementor-column-gap-default\">\n\t\t\t\t\t<div class=\"elementor-column elementor-col-100 elementor-top-column elementor-element elementor-element-3c5a470\" data-id=\"3c5a470\" data-element_type=\"column\">\n\t\t\t<div class=\"elementor-widget-wrap elementor-element-populated\">\n\t\t\t\t\t\t<div class=\"elementor-element elementor-element-8bb52ff elementor-widget elementor-widget-hero\" data-id=\"8bb52ff\" data-element_type=\"widget\" data-widget_type=\"hero.default\">\n\t\t\t\t<div class=\"elementor-widget-container\">\n\t\t\t\t\t<section class=\"slider-area slider-three pt-80 overflow-hidden pt-lg-100 pt-md-10 pt-xs-70 pt-150 pb-xs-35\">\r\n\t<img decoding=\"async\" width=\"78\" height=\"81\" src=\"https:\/\/pasapas.es\/wp-content\/uploads\/2021\/12\/01.svg\" class=\"sl-shape shape_s13\" alt=\"\" \/><img decoding=\"async\" width=\"72\" height=\"62\" src=\"https:\/\/pasapas.es\/wp-content\/uploads\/2021\/12\/02.svg\" class=\"sl-shape shape_01\" alt=\"\" \/><img decoding=\"async\" width=\"73\" height=\"184\" src=\"https:\/\/pasapas.es\/wp-content\/uploads\/2021\/12\/03.svg\" class=\"sl-shape shape_02\" alt=\"\" \/><img loading=\"lazy\" decoding=\"async\" width=\"63\" height=\"64\" src=\"https:\/\/pasapas.es\/wp-content\/uploads\/2021\/12\/04.svg\" class=\"sl-shape shape_03\" alt=\"\" \/><img loading=\"lazy\" decoding=\"async\" width=\"58\" height=\"64\" src=\"https:\/\/pasapas.es\/wp-content\/uploads\/2021\/12\/06.svg\" class=\"sl-shape shape_04\" alt=\"\" \/><img loading=\"lazy\" decoding=\"async\" width=\"58\" height=\"68\" src=\"https:\/\/pasapas.es\/wp-content\/uploads\/2021\/12\/05.svg\" class=\"sl-shape shape_06\" alt=\"\" \/>    <div class=\"slider-blur\"><\/div>\r\n    <div class=\"main-slider\">\r\n        <div class=\"container\">\r\n            <div class=\"row justify-content-center\">\r\n                <div class=\"col-lg-10\">\r\n                    <div class=\"slider__content slider__content__03 text-center pt-80 pr-50 pl-50\">\r\n\r\n\t\t\t\t\t\t<h1 class=\"title-widget main-title mb-35 wow fadeInUp2 animated\" data-wow-delay=\".3s\"> Pas a Pas <\/h1>                            <h5 class=\"mb-85 wow fadeInUp2 animated description\" data-wow-delay='.3s'>\r\n                                Pol\u00edtica de Cookies                            <\/h5>\r\n\t\t\t\t\t\t\r\n                    <\/div>\r\n                <\/div>\r\n\r\n\t\t\t\t\r\n            <\/div>\r\n        <\/div>\r\n    <\/div>\r\n<\/section>\r\n        <script>\r\n            (function ($) {\r\n                \"use strict\";\r\n\r\n                $(document).ready(function () {\r\n                    $('select').niceSelect();\r\n                    \/* magnificPopup video view *\/\r\n                    $('.popup-video').magnificPopup({\r\n                        type: 'iframe'\r\n                    });\r\n                });\r\n\r\n            })(jQuery);\r\n        <\/script>\r\n\r\n\t\t\t\t\t\t<\/div>\n\t\t\t\t<\/div>\n\t\t\t\t\t<\/div>\n\t\t<\/div>\n\t\t\t\t\t<\/div>\n\t\t<\/section>\n\t\t<div class=\"elementor-element elementor-element-5339f93 e-flex e-con-boxed e-con e-parent\" data-id=\"5339f93\" data-element_type=\"container\">\n\t\t\t\t\t<div class=\"e-con-inner\">\n\t\t\t\t<div class=\"elementor-element elementor-element-c0c78e5 elementor-widget elementor-widget-text-editor\" data-id=\"c0c78e5\" data-element_type=\"widget\" data-widget_type=\"text-editor.default\">\n\t\t\t\t<div class=\"elementor-widget-container\">\n\t\t\t\t\t\t\t\t\t<h5><strong>POL\u00cdTICA DE COOKIES<\/strong><\/h5><p>PAS A PAS por su propia cuenta o la de un tercero contratado para prestaci\u00f3n de servicios de medida, pueden utilizar cookies cuando el usuario navega por el sitio web. Las cookies son archivos enviados al navegador por medio de un servicio web con el fin de registrar las actividades del usuario durante su tiempo de navegaci\u00f3n.<\/p><p>Las cookies utilizadas se asocian \u00fanicamente con un usuario an\u00f3nimo y su ordenador, y no proporcionan por s\u00ed mismas los datos personales del usuario.<\/p><p>Mediante el uso de las cookies es posible que el servidor en el que se encuentra la web reconozca el navegador web utilizado por el usuario con el fin de que la navegaci\u00f3n sea m\u00e1s sencilla. Se utilizan tambi\u00e9n para medir la audiencia y par\u00e1metros del tr\u00e1fico, controlar el proceso y n\u00famero de entradas. El usuario tiene la posibilidad de configurar su navegador para ser avisado de la recepci\u00f3n de cookies y para impedir su instalaci\u00f3n en su equipo. Por favor consulte las instrucciones y manuales de su navegador para ampliar esta informaci\u00f3n. Para utilizar el sitio web no es necesario que el usuario permita la instalaci\u00f3n de las cookies enviadas al sitio web, o el tercero que act\u00fae en su nombre, sin perjuicio de que sea necesario que el usuario inicie una sesi\u00f3n tal en cada uno de los servicios cuya prestaci\u00f3n requiera el previo registro. En ning\u00fan caso se utilizar\u00e1n cookies para recabar informaci\u00f3n de car\u00e1cter personal.<\/p>\t\t\t\t\t\t\t\t<\/div>\n\t\t\t\t<\/div>\n\t\t\t\t\t<\/div>\n\t\t\t\t<\/div>\n\t\t\t\t<\/div>\n\t\t","protected":false},"excerpt":{"rendered":"<p>Pas a Pas Pol\u00edtica de Cookies POL\u00cdTICA DE COOKIES PAS A PAS por su propia cuenta o la de un [&hellip;]<\/p>\n","protected":false},"author":1,"featured_media":0,"parent":0,"menu_order":0,"comment_status":"closed","ping_status":"closed","template":"elementor_header_footer","meta":{"_acf_changed":false,"footnotes":""},"class_list":["post-6723","page","type-page","status-publish","hentry"],"acf":[],"yoast_head":"<!-- This site is optimized with the Yoast SEO plugin v24.8 - https:\/\/yoast.com\/wordpress\/plugins\/seo\/ -->\n<title>Pol\u00edtica de Cookies - Pas a Pas<\/title>\n<meta name=\"description\" content=\"Descubre c\u00f3mo Pas a Pas utiliza cookies para mejorar tu experiencia, su finalidad y c\u00f3mo gestionarlas seg\u00fan tus preferencias.\" \/>\n<meta name=\"robots\" content=\"index, follow, max-snippet:-1, max-image-preview:large, max-video-preview:-1\" \/>\n<link rel=\"canonical\" href=\"https:\/\/pasapas.es\/es\/politica-de-cookies\/\" \/>\n<meta property=\"og:locale\" content=\"es_ES\" \/>\n<meta property=\"og:type\" content=\"article\" \/>\n<meta property=\"og:title\" content=\"Pol\u00edtica de Cookies - Pas a Pas\" \/>\n<meta property=\"og:description\" content=\"Descubre c\u00f3mo Pas a Pas utiliza cookies para mejorar tu experiencia, su finalidad y c\u00f3mo gestionarlas seg\u00fan tus preferencias.\" \/>\n<meta property=\"og:url\" content=\"https:\/\/pasapas.es\/es\/politica-de-cookies\/\" \/>\n<meta property=\"og:site_name\" content=\"Pas a Pas\" \/>\n<meta property=\"article:modified_time\" content=\"2025-05-09T06:45:01+00:00\" \/>\n<meta property=\"og:image\" content=\"https:\/\/pasapas.es\/wp-content\/uploads\/2021\/12\/01.svg\" \/>\n<meta name=\"twitter:card\" content=\"summary_large_image\" \/>\n<meta name=\"twitter:label1\" content=\"Tiempo de lectura\" \/>\n\t<meta name=\"twitter:data1\" content=\"3 minutos\" \/>\n<script type=\"application\/ld+json\" class=\"yoast-schema-graph\">{\"@context\":\"https:\/\/schema.org\",\"@graph\":[{\"@type\":\"WebPage\",\"@id\":\"https:\/\/pasapas.es\/es\/politica-de-cookies\/\",\"url\":\"https:\/\/pasapas.es\/es\/politica-de-cookies\/\",\"name\":\"Pol\u00edtica de Cookies - Pas a Pas\",\"isPartOf\":{\"@id\":\"https:\/\/pasapas.es\/es\/#website\"},\"primaryImageOfPage\":{\"@id\":\"https:\/\/pasapas.es\/es\/politica-de-cookies\/#primaryimage\"},\"image\":{\"@id\":\"https:\/\/pasapas.es\/es\/politica-de-cookies\/#primaryimage\"},\"thumbnailUrl\":\"https:\/\/pasapas.es\/wp-content\/uploads\/2021\/12\/01.svg\",\"datePublished\":\"2025-04-04T09:50:09+00:00\",\"dateModified\":\"2025-05-09T06:45:01+00:00\",\"description\":\"Descubre c\u00f3mo Pas a Pas utiliza cookies para mejorar tu experiencia, su finalidad y c\u00f3mo gestionarlas seg\u00fan tus preferencias.\",\"breadcrumb\":{\"@id\":\"https:\/\/pasapas.es\/es\/politica-de-cookies\/#breadcrumb\"},\"inLanguage\":\"es\",\"potentialAction\":[{\"@type\":\"ReadAction\",\"target\":[\"https:\/\/pasapas.es\/es\/politica-de-cookies\/\"]}]},{\"@type\":\"ImageObject\",\"inLanguage\":\"es\",\"@id\":\"https:\/\/pasapas.es\/es\/politica-de-cookies\/#primaryimage\",\"url\":\"https:\/\/pasapas.es\/wp-content\/uploads\/2021\/12\/01.svg\",\"contentUrl\":\"https:\/\/pasapas.es\/wp-content\/uploads\/2021\/12\/01.svg\"},{\"@type\":\"BreadcrumbList\",\"@id\":\"https:\/\/pasapas.es\/es\/politica-de-cookies\/#breadcrumb\",\"itemListElement\":[{\"@type\":\"ListItem\",\"position\":1,\"name\":\"Portada\",\"item\":\"https:\/\/pasapas.es\/es\/inicio\/\"},{\"@type\":\"ListItem\",\"position\":2,\"name\":\"Pol\u00edtica de Cookies\"}]},{\"@type\":\"WebSite\",\"@id\":\"https:\/\/pasapas.es\/es\/#website\",\"url\":\"https:\/\/pasapas.es\/es\/\",\"name\":\"Pas a Pas\",\"description\":\"\",\"potentialAction\":[{\"@type\":\"SearchAction\",\"target\":{\"@type\":\"EntryPoint\",\"urlTemplate\":\"https:\/\/pasapas.es\/es\/?s={search_term_string}\"},\"query-input\":{\"@type\":\"PropertyValueSpecification\",\"valueRequired\":true,\"valueName\":\"search_term_string\"}}],\"inLanguage\":\"es\"}]}<\/script>\n<!-- \/ Yoast SEO plugin. -->","yoast_head_json":{"title":"Pol\u00edtica de Cookies - Pas a Pas","description":"Descubre c\u00f3mo Pas a Pas utiliza cookies para mejorar tu experiencia, su finalidad y c\u00f3mo gestionarlas seg\u00fan tus preferencias.","robots":{"index":"index","follow":"follow","max-snippet":"max-snippet:-1","max-image-preview":"max-image-preview:large","max-video-preview":"max-video-preview:-1"},"canonical":"https:\/\/pasapas.es\/es\/politica-de-cookies\/","og_locale":"es_ES","og_type":"article","og_title":"Pol\u00edtica de Cookies - Pas a Pas","og_description":"Descubre c\u00f3mo Pas a Pas utiliza cookies para mejorar tu experiencia, su finalidad y c\u00f3mo gestionarlas seg\u00fan tus preferencias.","og_url":"https:\/\/pasapas.es\/es\/politica-de-cookies\/","og_site_name":"Pas a Pas","article_modified_time":"2025-05-09T06:45:01+00:00","og_image":[{"url":"https:\/\/pasapas.es\/wp-content\/uploads\/2021\/12\/01.svg","type":"","width":"","height":""}],"twitter_card":"summary_large_image","twitter_misc":{"Tiempo de lectura":"3 minutos"},"schema":{"@context":"https:\/\/schema.org","@graph":[{"@type":"WebPage","@id":"https:\/\/pasapas.es\/es\/politica-de-cookies\/","url":"https:\/\/pasapas.es\/es\/politica-de-cookies\/","name":"Pol\u00edtica de Cookies - Pas a Pas","isPartOf":{"@id":"https:\/\/pasapas.es\/es\/#website"},"primaryImageOfPage":{"@id":"https:\/\/pasapas.es\/es\/politica-de-cookies\/#primaryimage"},"image":{"@id":"https:\/\/pasapas.es\/es\/politica-de-cookies\/#primaryimage"},"thumbnailUrl":"https:\/\/pasapas.es\/wp-content\/uploads\/2021\/12\/01.svg","datePublished":"2025-04-04T09:50:09+00:00","dateModified":"2025-05-09T06:45:01+00:00","description":"Descubre c\u00f3mo Pas a Pas utiliza cookies para mejorar tu experiencia, su finalidad y c\u00f3mo gestionarlas seg\u00fan tus preferencias.","breadcrumb":{"@id":"https:\/\/pasapas.es\/es\/politica-de-cookies\/#breadcrumb"},"inLanguage":"es","potentialAction":[{"@type":"ReadAction","target":["https:\/\/pasapas.es\/es\/politica-de-cookies\/"]}]},{"@type":"ImageObject","inLanguage":"es","@id":"https:\/\/pasapas.es\/es\/politica-de-cookies\/#primaryimage","url":"https:\/\/pasapas.es\/wp-content\/uploads\/2021\/12\/01.svg","contentUrl":"https:\/\/pasapas.es\/wp-content\/uploads\/2021\/12\/01.svg"},{"@type":"BreadcrumbList","@id":"https:\/\/pasapas.es\/es\/politica-de-cookies\/#breadcrumb","itemListElement":[{"@type":"ListItem","position":1,"name":"Portada","item":"https:\/\/pasapas.es\/es\/inicio\/"},{"@type":"ListItem","position":2,"name":"Pol\u00edtica de Cookies"}]},{"@type":"WebSite","@id":"https:\/\/pasapas.es\/es\/#website","url":"https:\/\/pasapas.es\/es\/","name":"Pas a Pas","description":"","potentialAction":[{"@type":"SearchAction","target":{"@type":"EntryPoint","urlTemplate":"https:\/\/pasapas.es\/es\/?s={search_term_string}"},"query-input":{"@type":"PropertyValueSpecification","valueRequired":true,"valueName":"search_term_string"}}],"inLanguage":"es"}]}},"_links":{"self":[{"href":"https:\/\/pasapas.es\/es\/wp-json\/wp\/v2\/pages\/6723","targetHints":{"allow":["GET"]}}],"collection":[{"href":"https:\/\/pasapas.es\/es\/wp-json\/wp\/v2\/pages"}],"about":[{"href":"https:\/\/pasapas.es\/es\/wp-json\/wp\/v2\/types\/page"}],"author":[{"embeddable":true,"href":"https:\/\/pasapas.es\/es\/wp-json\/wp\/v2\/users\/1"}],"replies":[{"embeddable":true,"href":"https:\/\/pasapas.es\/es\/wp-json\/wp\/v2\/comments?post=6723"}],"version-history":[{"count":15,"href":"https:\/\/pasapas.es\/es\/wp-json\/wp\/v2\/pages\/6723\/revisions"}],"predecessor-version":[{"id":7182,"href":"https:\/\/pasapas.es\/es\/wp-json\/wp\/v2\/pages\/6723\/revisions\/7182"}],"wp:attachment":[{"href":"https:\/\/pasapas.es\/es\/wp-json\/wp\/v2\/media?parent=6723"}],"curies":[{"name":"wp","href":"https:\/\/api.w.org\/{rel}","templated":true}]}}