{"id":6716,"date":"2025-04-04T11:41:11","date_gmt":"2025-04-04T09:41:11","guid":{"rendered":"https:\/\/pasapas.es\/?page_id=6716"},"modified":"2025-05-06T15:47:57","modified_gmt":"2025-05-06T13:47:57","slug":"aviso-legal","status":"publish","type":"page","link":"https:\/\/pasapas.es\/es\/aviso-legal\/","title":{"rendered":"Aviso Legal"},"content":{"rendered":"\t\t<div data-elementor-type=\"wp-page\" data-elementor-id=\"6716\" class=\"elementor elementor-6716 elementor-6715\">\n\t\t\t\t\t\t<section class=\"elementor-section elementor-top-section elementor-element elementor-element-09a3899 elementor-section-full_width elementor-section-stretched elementor-section-height-default elementor-section-height-default\" data-id=\"09a3899\" data-element_type=\"section\" data-settings=\"{&quot;stretch_section&quot;:&quot;section-stretched&quot;}\">\n\t\t\t\t\t\t<div class=\"elementor-container elementor-column-gap-default\">\n\t\t\t\t\t<div class=\"elementor-column elementor-col-100 elementor-top-column elementor-element elementor-element-3c5a470\" data-id=\"3c5a470\" data-element_type=\"column\">\n\t\t\t<div class=\"elementor-widget-wrap elementor-element-populated\">\n\t\t\t\t\t\t<div class=\"elementor-element elementor-element-8bb52ff elementor-widget elementor-widget-hero\" data-id=\"8bb52ff\" data-element_type=\"widget\" data-widget_type=\"hero.default\">\n\t\t\t\t<div class=\"elementor-widget-container\">\n\t\t\t\t\t<section class=\"slider-area slider-three pt-80 overflow-hidden pt-lg-100 pt-md-10 pt-xs-70 pt-150 pb-xs-35\">\r\n\t<img decoding=\"async\" width=\"78\" height=\"81\" src=\"https:\/\/pasapas.es\/wp-content\/uploads\/2021\/12\/01.svg\" class=\"sl-shape shape_s13\" alt=\"\" \/><img decoding=\"async\" width=\"72\" height=\"62\" src=\"https:\/\/pasapas.es\/wp-content\/uploads\/2021\/12\/02.svg\" class=\"sl-shape shape_01\" alt=\"\" \/><img decoding=\"async\" width=\"73\" height=\"184\" src=\"https:\/\/pasapas.es\/wp-content\/uploads\/2021\/12\/03.svg\" class=\"sl-shape shape_02\" alt=\"\" \/><img loading=\"lazy\" decoding=\"async\" width=\"63\" height=\"64\" src=\"https:\/\/pasapas.es\/wp-content\/uploads\/2021\/12\/04.svg\" class=\"sl-shape shape_03\" alt=\"\" \/><img loading=\"lazy\" decoding=\"async\" width=\"58\" height=\"64\" src=\"https:\/\/pasapas.es\/wp-content\/uploads\/2021\/12\/06.svg\" class=\"sl-shape shape_04\" alt=\"\" \/><img loading=\"lazy\" decoding=\"async\" width=\"58\" height=\"68\" src=\"https:\/\/pasapas.es\/wp-content\/uploads\/2021\/12\/05.svg\" class=\"sl-shape shape_06\" alt=\"\" \/>    <div class=\"slider-blur\"><\/div>\r\n    <div class=\"main-slider\">\r\n        <div class=\"container\">\r\n            <div class=\"row justify-content-center\">\r\n                <div class=\"col-lg-10\">\r\n                    <div class=\"slider__content slider__content__03 text-center pt-80 pr-50 pl-50\">\r\n\r\n\t\t\t\t\t\t<h1 class=\"title-widget main-title mb-35 wow fadeInUp2 animated\" data-wow-delay=\".3s\"> Pas a Pas <\/h1>                            <h5 class=\"mb-85 wow fadeInUp2 animated description\" data-wow-delay='.3s'>\r\n                                Aviso Legal                            <\/h5>\r\n\t\t\t\t\t\t\r\n                    <\/div>\r\n                <\/div>\r\n\r\n\t\t\t\t\r\n            <\/div>\r\n        <\/div>\r\n    <\/div>\r\n<\/section>\r\n        <script>\r\n            (function ($) {\r\n                \"use strict\";\r\n\r\n                $(document).ready(function () {\r\n                    $('select').niceSelect();\r\n                    \/* magnificPopup video view *\/\r\n                    $('.popup-video').magnificPopup({\r\n                        type: 'iframe'\r\n                    });\r\n                });\r\n\r\n            })(jQuery);\r\n        <\/script>\r\n\r\n\t\t\t\t\t\t<\/div>\n\t\t\t\t<\/div>\n\t\t\t\t\t<\/div>\n\t\t<\/div>\n\t\t\t\t\t<\/div>\n\t\t<\/section>\n\t\t\t\t<section class=\"elementor-section elementor-top-section elementor-element elementor-element-675d0dc elementor-section-full_width elementor-section-stretched elementor-section-height-default elementor-section-height-default\" data-id=\"675d0dc\" data-element_type=\"section\" data-settings=\"{&quot;stretch_section&quot;:&quot;section-stretched&quot;}\">\n\t\t\t\t\t\t<div class=\"elementor-container elementor-column-gap-default\">\n\t\t\t\t\t<div class=\"elementor-column elementor-col-100 elementor-top-column elementor-element elementor-element-795f311\" data-id=\"795f311\" data-element_type=\"column\">\n\t\t\t<div class=\"elementor-widget-wrap\">\n\t\t\t\t\t\t\t<\/div>\n\t\t<\/div>\n\t\t\t\t\t<\/div>\n\t\t<\/section>\n\t\t<div class=\"elementor-element elementor-element-b960609 e-flex e-con-boxed e-con e-parent\" data-id=\"b960609\" data-element_type=\"container\">\n\t\t\t\t\t<div class=\"e-con-inner\">\n\t\t\t\t<div class=\"elementor-element elementor-element-17be19e elementor-widget elementor-widget-text-editor\" data-id=\"17be19e\" data-element_type=\"widget\" data-widget_type=\"text-editor.default\">\n\t\t\t\t<div class=\"elementor-widget-container\">\n\t\t\t\t\t\t\t\t\t<h5><strong>DATOS GENERALES<\/strong><\/h5><p>De acuerdo con el Art\u00edculo 10 de la Ley 34\/2002, del 11 de julio, Servicios de la Sociedad de la Informaci\u00f3n y el Comercio Electr\u00f3nico que pusimos a su disposici\u00f3n los siguientes datos:<br \/>Paso a paso est\u00e1 domiciliado en Miquel Servet Street, 43, 2\u00ba, inca- 07300, con CIF B-57374225. Registrado en el Registro Mercantil de Inca, Volumen 2170, Libro 0, Fol 1, Leaf PM 52505, Registro 3a.<br \/>Hay una serie de contenidos informativos en el sitio web www.pasapas.es. Su objetivo principal es proporcionar a los clientes y al p\u00fablico en general, informaci\u00f3n sobre la empresa, los productos y servicios ofrecidos.<br \/><br \/><\/p><h5><strong>CONDICIONES DE USO<\/strong><\/h5><p>Las condiciones de acceso y uso de este sitio web se rigen por la legalidad actual y por el principio de buena fe, comprometiendo al usuario a hacer un buen uso de la web. No se permiten comportamientos contra la ley, los derechos o intereses de terceros.<\/p><p>Ser un usuario del sitio web del (sitio web de la empresa) implica que reconoce que ha le\u00eddo y aceptado estas condiciones y lo que se extiende por las regulaciones legales aplicables en esta \u00e1rea. Si por alguna raz\u00f3n no est\u00e1 de acuerdo con estas condiciones, no contin\u00faa utilizando este sitio web.<\/p><p>Cualquier tipo de notificaci\u00f3n y \/ o reclamo solo ser\u00e1 v\u00e1lido para una notificaci\u00f3n por escrito y \/ o correo certificado.<\/p><p>Ser usuari del web de (p\u00e0gina web de l\u2019empresa) implica que reconeix haver llegit i acceptat les presents condicions i el que les estengui la normativa legal aplicable en aquesta mat\u00e8ria. Si pel motiu que sigui no est\u00e0 d\u2019acord amb aquestes condicions no continu\u00ef usant aquest web.<\/p><p>Qualsevol tipus de notificaci\u00f3 i \/ o reclamaci\u00f3 solament ser\u00e0 v\u00e0lida per notificaci\u00f3 escrita i \/ o correu certificat.<\/p><h6><strong>RESPONSABILIDADES<\/strong><\/h6><p>Paso a paso no es responsable de la informaci\u00f3n y los contenidos almacenados en foros, redes sociales o cualquier otro medio que permita a terceros publicar contenido de forma independiente en el sitio web del proveedor.<\/p><p>Sin embargo, considerando el arte. 11 y 16 del LSSI-CE, paso a paso, se compromete a la retirada o si corresponde a aquellos contenidos que pueden afectar o contravenir el derecho nacional o internacional, los derechos de terceros o la moral y el orden p\u00fablico.<\/p><p>La empresa tampoco ser\u00e1 responsable de los da\u00f1os que ocurran debido a fallas o configuraciones malas del software instalado en la computadora de Internet. Toda la responsabilidad est\u00e1 excluida por cualquier incidente t\u00e9cnico o de falla que ocurra cuando el usuario se conecta a Internet. Del mismo modo, no se garantiza la ausencia de interrupciones o errores en el acceso al sitio web.<\/p><p>Del mismo modo, paso a paso se reserva el derecho de actualizar, modificar o eliminar la informaci\u00f3n contenida en su sitio web, as\u00ed como la configuraci\u00f3n o presentaci\u00f3n de la misma, en cualquier momento sin asumir ninguna responsabilidad por ello.<\/p><p>Le informamos que cualquier precio que pueda ver en nuestro sitio web ser\u00e1 solo una gu\u00eda. Si el usuario quiere saber exactamente el precio o si el producto en la actualidad tiene alguna oferta que pueda beneficiarse, debe ir a una de las tiendas f\u00edsicas que tiene paso a paso.<\/p><h5><strong>PROPIETAT INTELECTUAL Y INDUSTRIAL<\/strong><\/h5><p>Paso por PAS es el propietario de todos los derechos sobre el software de la publicaci\u00f3n digital, as\u00ed como los derechos de propiedad industrial e intelectual relacionados con los contenidos que lo incluyen, con la excepci\u00f3n de los derechos sobre productos y servicios p\u00fablicos que no son propiedad de esta empresa.<\/p><p>No se puede reproducir, copiar o publicar ning\u00fan material publicado en este sitio web sin el consentimiento por escrito de paso a paso.<br \/>Toda la informaci\u00f3n recibida en la web, como comentarios, sugerencias o ideas, se considerar\u00e1 transferida por paso a paso. No se debe enviar informaci\u00f3n que no pueda tratarse de esta manera.<\/p><p>Todos los productos y servicios de estas p\u00e1ginas que no son propiedad de paso a paso son marcas registradas con sus respectivos propietarios y son reconocidas como tales por nuestra empresa. Solo aparecen en el sitio web de paso por paso para promoci\u00f3n y recopilaci\u00f3n de informaci\u00f3n. Estos propietarios pueden solicitar la modificaci\u00f3n o eliminaci\u00f3n de la informaci\u00f3n que les pertenece.<\/p><p>Ley y jurisdicci\u00f3n aplicables<\/p><p>Estas condiciones generales se rigen por la ley espa\u00f1ola. Para cualquier litigio que pueda surgir relacionado con el sitio web o la actividad realizada, habr\u00e1 tribunales competentes de (un lugar donde es m\u00e1s f\u00e1cil para la compa\u00f1\u00eda, generalmente es la ciudad en la que se encuentra), renunciando expresamente al usuario a cualquier otra jurisdicci\u00f3n que pueda corresponder.<\/p>\t\t\t\t\t\t\t\t<\/div>\n\t\t\t\t<\/div>\n\t\t\t\t\t<\/div>\n\t\t\t\t<\/div>\n\t\t\t\t<\/div>\n\t\t","protected":false},"excerpt":{"rendered":"<p>Pas a Pas Aviso Legal DATOS GENERALES De acuerdo con el Art\u00edculo 10 de la Ley 34\/2002, del 11 de [&hellip;]<\/p>\n","protected":false},"author":1,"featured_media":0,"parent":0,"menu_order":0,"comment_status":"closed","ping_status":"closed","template":"elementor_header_footer","meta":{"_acf_changed":false,"footnotes":""},"class_list":["post-6716","page","type-page","status-publish","hentry"],"acf":[],"yoast_head":"<!-- This site is optimized with the Yoast SEO plugin v24.8 - https:\/\/yoast.com\/wordpress\/plugins\/seo\/ -->\n<title>Aviso Legal - Pas a Pas<\/title>\n<meta name=\"description\" content=\"Consulte el Aviso Legal de Pas a Pas sobre el uso, la responsabilidad y la propiedad intelectual del sitio web.\" \/>\n<meta name=\"robots\" content=\"index, follow, max-snippet:-1, max-image-preview:large, max-video-preview:-1\" \/>\n<link rel=\"canonical\" href=\"https:\/\/pasapas.es\/es\/aviso-legal\/\" \/>\n<meta property=\"og:locale\" content=\"es_ES\" \/>\n<meta property=\"og:type\" content=\"article\" \/>\n<meta property=\"og:title\" content=\"Aviso Legal - Pas a Pas\" \/>\n<meta property=\"og:description\" content=\"Consulte el Aviso Legal de Pas a Pas sobre el uso, la responsabilidad y la propiedad intelectual del sitio web.\" \/>\n<meta property=\"og:url\" content=\"https:\/\/pasapas.es\/es\/aviso-legal\/\" \/>\n<meta property=\"og:site_name\" content=\"Pas a Pas\" \/>\n<meta property=\"article:modified_time\" content=\"2025-05-06T13:47:57+00:00\" \/>\n<meta property=\"og:image\" content=\"https:\/\/pasapas.es\/wp-content\/uploads\/2021\/12\/01.svg\" \/>\n<meta name=\"twitter:card\" content=\"summary_large_image\" \/>\n<meta name=\"twitter:label1\" content=\"Tiempo de lectura\" \/>\n\t<meta name=\"twitter:data1\" content=\"6 minutos\" \/>\n<script type=\"application\/ld+json\" class=\"yoast-schema-graph\">{\"@context\":\"https:\/\/schema.org\",\"@graph\":[{\"@type\":\"WebPage\",\"@id\":\"https:\/\/pasapas.es\/es\/aviso-legal\/\",\"url\":\"https:\/\/pasapas.es\/es\/aviso-legal\/\",\"name\":\"Aviso Legal - Pas a Pas\",\"isPartOf\":{\"@id\":\"https:\/\/pasapas.es\/es\/#website\"},\"primaryImageOfPage\":{\"@id\":\"https:\/\/pasapas.es\/es\/aviso-legal\/#primaryimage\"},\"image\":{\"@id\":\"https:\/\/pasapas.es\/es\/aviso-legal\/#primaryimage\"},\"thumbnailUrl\":\"https:\/\/pasapas.es\/wp-content\/uploads\/2021\/12\/01.svg\",\"datePublished\":\"2025-04-04T09:41:11+00:00\",\"dateModified\":\"2025-05-06T13:47:57+00:00\",\"description\":\"Consulte el Aviso Legal de Pas a Pas sobre el uso, la responsabilidad y la propiedad intelectual del sitio web.\",\"breadcrumb\":{\"@id\":\"https:\/\/pasapas.es\/es\/aviso-legal\/#breadcrumb\"},\"inLanguage\":\"es\",\"potentialAction\":[{\"@type\":\"ReadAction\",\"target\":[\"https:\/\/pasapas.es\/es\/aviso-legal\/\"]}]},{\"@type\":\"ImageObject\",\"inLanguage\":\"es\",\"@id\":\"https:\/\/pasapas.es\/es\/aviso-legal\/#primaryimage\",\"url\":\"https:\/\/pasapas.es\/wp-content\/uploads\/2021\/12\/01.svg\",\"contentUrl\":\"https:\/\/pasapas.es\/wp-content\/uploads\/2021\/12\/01.svg\"},{\"@type\":\"BreadcrumbList\",\"@id\":\"https:\/\/pasapas.es\/es\/aviso-legal\/#breadcrumb\",\"itemListElement\":[{\"@type\":\"ListItem\",\"position\":1,\"name\":\"Portada\",\"item\":\"https:\/\/pasapas.es\/es\/inicio\/\"},{\"@type\":\"ListItem\",\"position\":2,\"name\":\"Aviso Legal\"}]},{\"@type\":\"WebSite\",\"@id\":\"https:\/\/pasapas.es\/es\/#website\",\"url\":\"https:\/\/pasapas.es\/es\/\",\"name\":\"Pas a Pas\",\"description\":\"\",\"potentialAction\":[{\"@type\":\"SearchAction\",\"target\":{\"@type\":\"EntryPoint\",\"urlTemplate\":\"https:\/\/pasapas.es\/es\/?s={search_term_string}\"},\"query-input\":{\"@type\":\"PropertyValueSpecification\",\"valueRequired\":true,\"valueName\":\"search_term_string\"}}],\"inLanguage\":\"es\"}]}<\/script>\n<!-- \/ Yoast SEO plugin. -->","yoast_head_json":{"title":"Aviso Legal - Pas a Pas","description":"Consulte el Aviso Legal de Pas a Pas sobre el uso, la responsabilidad y la propiedad intelectual del sitio web.","robots":{"index":"index","follow":"follow","max-snippet":"max-snippet:-1","max-image-preview":"max-image-preview:large","max-video-preview":"max-video-preview:-1"},"canonical":"https:\/\/pasapas.es\/es\/aviso-legal\/","og_locale":"es_ES","og_type":"article","og_title":"Aviso Legal - Pas a Pas","og_description":"Consulte el Aviso Legal de Pas a Pas sobre el uso, la responsabilidad y la propiedad intelectual del sitio web.","og_url":"https:\/\/pasapas.es\/es\/aviso-legal\/","og_site_name":"Pas a Pas","article_modified_time":"2025-05-06T13:47:57+00:00","og_image":[{"url":"https:\/\/pasapas.es\/wp-content\/uploads\/2021\/12\/01.svg","type":"","width":"","height":""}],"twitter_card":"summary_large_image","twitter_misc":{"Tiempo de lectura":"6 minutos"},"schema":{"@context":"https:\/\/schema.org","@graph":[{"@type":"WebPage","@id":"https:\/\/pasapas.es\/es\/aviso-legal\/","url":"https:\/\/pasapas.es\/es\/aviso-legal\/","name":"Aviso Legal - Pas a Pas","isPartOf":{"@id":"https:\/\/pasapas.es\/es\/#website"},"primaryImageOfPage":{"@id":"https:\/\/pasapas.es\/es\/aviso-legal\/#primaryimage"},"image":{"@id":"https:\/\/pasapas.es\/es\/aviso-legal\/#primaryimage"},"thumbnailUrl":"https:\/\/pasapas.es\/wp-content\/uploads\/2021\/12\/01.svg","datePublished":"2025-04-04T09:41:11+00:00","dateModified":"2025-05-06T13:47:57+00:00","description":"Consulte el Aviso Legal de Pas a Pas sobre el uso, la responsabilidad y la propiedad intelectual del sitio web.","breadcrumb":{"@id":"https:\/\/pasapas.es\/es\/aviso-legal\/#breadcrumb"},"inLanguage":"es","potentialAction":[{"@type":"ReadAction","target":["https:\/\/pasapas.es\/es\/aviso-legal\/"]}]},{"@type":"ImageObject","inLanguage":"es","@id":"https:\/\/pasapas.es\/es\/aviso-legal\/#primaryimage","url":"https:\/\/pasapas.es\/wp-content\/uploads\/2021\/12\/01.svg","contentUrl":"https:\/\/pasapas.es\/wp-content\/uploads\/2021\/12\/01.svg"},{"@type":"BreadcrumbList","@id":"https:\/\/pasapas.es\/es\/aviso-legal\/#breadcrumb","itemListElement":[{"@type":"ListItem","position":1,"name":"Portada","item":"https:\/\/pasapas.es\/es\/inicio\/"},{"@type":"ListItem","position":2,"name":"Aviso Legal"}]},{"@type":"WebSite","@id":"https:\/\/pasapas.es\/es\/#website","url":"https:\/\/pasapas.es\/es\/","name":"Pas a Pas","description":"","potentialAction":[{"@type":"SearchAction","target":{"@type":"EntryPoint","urlTemplate":"https:\/\/pasapas.es\/es\/?s={search_term_string}"},"query-input":{"@type":"PropertyValueSpecification","valueRequired":true,"valueName":"search_term_string"}}],"inLanguage":"es"}]}},"_links":{"self":[{"href":"https:\/\/pasapas.es\/es\/wp-json\/wp\/v2\/pages\/6716","targetHints":{"allow":["GET"]}}],"collection":[{"href":"https:\/\/pasapas.es\/es\/wp-json\/wp\/v2\/pages"}],"about":[{"href":"https:\/\/pasapas.es\/es\/wp-json\/wp\/v2\/types\/page"}],"author":[{"embeddable":true,"href":"https:\/\/pasapas.es\/es\/wp-json\/wp\/v2\/users\/1"}],"replies":[{"embeddable":true,"href":"https:\/\/pasapas.es\/es\/wp-json\/wp\/v2\/comments?post=6716"}],"version-history":[{"count":12,"href":"https:\/\/pasapas.es\/es\/wp-json\/wp\/v2\/pages\/6716\/revisions"}],"predecessor-version":[{"id":6992,"href":"https:\/\/pasapas.es\/es\/wp-json\/wp\/v2\/pages\/6716\/revisions\/6992"}],"wp:attachment":[{"href":"https:\/\/pasapas.es\/es\/wp-json\/wp\/v2\/media?parent=6716"}],"curies":[{"name":"wp","href":"https:\/\/api.w.org\/{rel}","templated":true}]}}