{"id":6652,"date":"2025-04-03T10:04:45","date_gmt":"2025-04-03T08:04:45","guid":{"rendered":"https:\/\/pasapas.es\/informes-psicologicos-juridico-forenses\/"},"modified":"2025-05-09T08:30:09","modified_gmt":"2025-05-09T06:30:09","slug":"informes-psicologicos-juridico-forenses","status":"publish","type":"page","link":"https:\/\/pasapas.es\/es\/informes-psicologicos-juridico-forenses\/","title":{"rendered":"Informes psicol\u00f3gicos jur\u00eddico-forenses"},"content":{"rendered":"\t\t<div data-elementor-type=\"wp-page\" data-elementor-id=\"6652\" class=\"elementor elementor-6652 elementor-6587\">\n\t\t\t\t<div class=\"elementor-element elementor-element-b9234a8 e-flex e-con-boxed e-con e-parent\" data-id=\"b9234a8\" data-element_type=\"container\">\n\t\t\t\t\t<div class=\"e-con-inner\">\n\t\t\t\t<div class=\"elementor-element elementor-element-7a14d40 elementor-widget elementor-widget-spacer\" data-id=\"7a14d40\" data-element_type=\"widget\" data-widget_type=\"spacer.default\">\n\t\t\t\t<div class=\"elementor-widget-container\">\n\t\t\t\t\t\t\t<div class=\"elementor-spacer\">\n\t\t\t<div class=\"elementor-spacer-inner\"><\/div>\n\t\t<\/div>\n\t\t\t\t\t\t<\/div>\n\t\t\t\t<\/div>\n\t\t\t\t<div class=\"elementor-element elementor-element-55645f8 elementor-widget elementor-widget-image\" data-id=\"55645f8\" data-element_type=\"widget\" data-widget_type=\"image.default\">\n\t\t\t\t<div class=\"elementor-widget-container\">\n\t\t\t\t\t\t\t\t\t\t\t\t\t\t\t<img fetchpriority=\"high\" decoding=\"async\" width=\"1000\" height=\"667\" src=\"https:\/\/pasapas.es\/wp-content\/uploads\/2025\/04\/informes-psicologics-juridicoforenses-pas-a-pas.jpg\" class=\"attachment-large size-large wp-image-6590\" alt=\"Informes psicol\u00f2gics juridicoforenses Pas a Pas\" srcset=\"https:\/\/pasapas.es\/wp-content\/uploads\/2025\/04\/informes-psicologics-juridicoforenses-pas-a-pas.jpg 1000w, https:\/\/pasapas.es\/wp-content\/uploads\/2025\/04\/informes-psicologics-juridicoforenses-pas-a-pas-300x200.jpg 300w, https:\/\/pasapas.es\/wp-content\/uploads\/2025\/04\/informes-psicologics-juridicoforenses-pas-a-pas-768x512.jpg 768w\" sizes=\"(max-width: 1000px) 100vw, 1000px\" \/>\t\t\t\t\t\t\t\t\t\t\t\t\t\t\t<\/div>\n\t\t\t\t<\/div>\n\t\t\t\t\t<\/div>\n\t\t\t\t<\/div>\n\t\t<div class=\"elementor-element elementor-element-3641ca9 e-flex e-con-boxed e-con e-parent\" data-id=\"3641ca9\" data-element_type=\"container\">\n\t\t\t\t\t<div class=\"e-con-inner\">\n\t\t\t\t<div class=\"elementor-element elementor-element-9a79d1f elementor-widget elementor-widget-text-editor\" data-id=\"9a79d1f\" data-element_type=\"widget\" data-widget_type=\"text-editor.default\">\n\t\t\t\t<div class=\"elementor-widget-container\">\n\t\t\t\t\t\t\t\t\t<h4><strong>Evaluaci\u00f3n forense y emisi\u00f3n de informes periciales dentro del contexto del Derecho, la Ley y la Justicia.<\/strong><\/h4><p>Los informes periciales psicol\u00f3gicos son una de las pruebas documentales m\u00e1s utilizadas en los procesos judiciales. <\/p><p>Los \u00e1mbitos de actuaci\u00f3n son: <\/p><h5>Derecho de familia: <\/h5><ul><li>Separaci\u00f3n y\/o divorcio. <\/li><li>Guardia y custodia de los\/las hijos\/as.<\/li><li>R\u00e9gimen de visitas y seguimiento.<\/li><li>Privaci\u00f3n de la patria potestad.<\/li><li>Adopci\u00f3n y tutela de menores. <\/li><\/ul><h5><strong>Derecho laboral: <\/strong><\/h5><ul><li>Valoraci\u00f3n de incapacidad psicol\u00f3gica para otorgar testamentos o poderes, as\u00ed como para dar su consentimiento frente a contratos de compraventa y\/o donaciones. <\/li><li>Secuelas psicol\u00f3gicas a causa de accidentes laborales. <\/li><li>Incapacidad psicol\u00f3gica laboral.<\/li><li>Minusval\u00edas.<\/li><li>Estr\u00e9s laboral, acoso laboral o mobbing.<\/li><\/ul><h5>Derecho civil: <\/h5><ul><li>Incapacidad para prestar consentimiento frente a diferentes situaciones (ej. intervenci\u00f3n quir\u00fargica).<\/li><li>Incapacidad para tomar decisiones (ej. firma de contratos, otorgaci\u00f3n de testamentos,&#8230;). <\/li><li>Incapacidad para cuidarse a s\u00ed mismo y\/o sus bienes.<\/li><\/ul><div> <\/div><h5>Derecho penal:<\/h5><ul><li>Responsabilidad penal: capacidad cognitiva y volitiva para entender las consecuencias del delito.<span style=\"font-size: 18px;\"> <\/span><\/li><li><p>Valoraci\u00f3n de circunstancias que modifiquen la responsabilidad criminal. <\/p><p>Trastornos psicopatol\u00f3gicos, da\u00f1o moral y\/o secuelas psicol\u00f3gicas derivadas de una situaci\u00f3n traum\u00e1tica (ej. v\u00edctimas). <\/p><p>Abuso sexual infantil.<\/p><p>An\u00e1lisis de credibilidad del testigo.<\/p><\/li><\/ul>\t\t\t\t\t\t\t\t<\/div>\n\t\t\t\t<\/div>\n\t\t\t\t\t<\/div>\n\t\t\t\t<\/div>\n\t\t\t\t<\/div>\n\t\t","protected":false},"excerpt":{"rendered":"<p>Evaluaci\u00f3n forense y emisi\u00f3n de informes periciales dentro del contexto del Derecho, la Ley y la Justicia. Los informes periciales [&hellip;]<\/p>\n","protected":false},"author":1,"featured_media":0,"parent":0,"menu_order":0,"comment_status":"closed","ping_status":"closed","template":"","meta":{"_acf_changed":false,"footnotes":""},"class_list":["post-6652","page","type-page","status-publish","hentry"],"acf":[],"yoast_head":"<!-- This site is optimized with the Yoast SEO plugin v24.8 - https:\/\/yoast.com\/wordpress\/plugins\/seo\/ -->\n<title>Informes psicol\u00f3gicos jur\u00eddico-forenses - Pas a Pas<\/title>\n<meta name=\"description\" content=\"Obt\u00e9n informes psicol\u00f3gicos jur\u00eddico-forenses profesionales de Pas a Pas, adaptados a las necesidades legales y evaluaciones espec\u00edficas.\" \/>\n<meta name=\"robots\" content=\"index, follow, max-snippet:-1, max-image-preview:large, max-video-preview:-1\" \/>\n<link rel=\"canonical\" href=\"https:\/\/pasapas.es\/es\/informes-psicologicos-juridico-forenses\/\" \/>\n<meta property=\"og:locale\" content=\"es_ES\" \/>\n<meta property=\"og:type\" content=\"article\" \/>\n<meta property=\"og:title\" content=\"Informes psicol\u00f3gicos jur\u00eddico-forenses - Pas a Pas\" \/>\n<meta property=\"og:description\" content=\"Obt\u00e9n informes psicol\u00f3gicos jur\u00eddico-forenses profesionales de Pas a Pas, adaptados a las necesidades legales y evaluaciones espec\u00edficas.\" \/>\n<meta property=\"og:url\" content=\"https:\/\/pasapas.es\/es\/informes-psicologicos-juridico-forenses\/\" \/>\n<meta property=\"og:site_name\" content=\"Pas a Pas\" \/>\n<meta property=\"article:modified_time\" content=\"2025-05-09T06:30:09+00:00\" \/>\n<meta property=\"og:image\" content=\"https:\/\/pasapas.es\/wp-content\/uploads\/2025\/04\/informes-psicologics-juridicoforenses-pas-a-pas.jpg\" \/>\n<meta name=\"twitter:card\" content=\"summary_large_image\" \/>\n<meta name=\"twitter:label1\" content=\"Tiempo de lectura\" \/>\n\t<meta name=\"twitter:data1\" content=\"2 minutos\" \/>\n<script type=\"application\/ld+json\" class=\"yoast-schema-graph\">{\"@context\":\"https:\/\/schema.org\",\"@graph\":[{\"@type\":\"WebPage\",\"@id\":\"https:\/\/pasapas.es\/es\/informes-psicologicos-juridico-forenses\/\",\"url\":\"https:\/\/pasapas.es\/es\/informes-psicologicos-juridico-forenses\/\",\"name\":\"Informes psicol\u00f3gicos jur\u00eddico-forenses - Pas a Pas\",\"isPartOf\":{\"@id\":\"https:\/\/pasapas.es\/es\/#website\"},\"primaryImageOfPage\":{\"@id\":\"https:\/\/pasapas.es\/es\/informes-psicologicos-juridico-forenses\/#primaryimage\"},\"image\":{\"@id\":\"https:\/\/pasapas.es\/es\/informes-psicologicos-juridico-forenses\/#primaryimage\"},\"thumbnailUrl\":\"https:\/\/pasapas.es\/wp-content\/uploads\/2025\/04\/informes-psicologics-juridicoforenses-pas-a-pas.jpg\",\"datePublished\":\"2025-04-03T08:04:45+00:00\",\"dateModified\":\"2025-05-09T06:30:09+00:00\",\"description\":\"Obt\u00e9n informes psicol\u00f3gicos jur\u00eddico-forenses profesionales de Pas a Pas, adaptados a las necesidades legales y evaluaciones espec\u00edficas.\",\"breadcrumb\":{\"@id\":\"https:\/\/pasapas.es\/es\/informes-psicologicos-juridico-forenses\/#breadcrumb\"},\"inLanguage\":\"es\",\"potentialAction\":[{\"@type\":\"ReadAction\",\"target\":[\"https:\/\/pasapas.es\/es\/informes-psicologicos-juridico-forenses\/\"]}]},{\"@type\":\"ImageObject\",\"inLanguage\":\"es\",\"@id\":\"https:\/\/pasapas.es\/es\/informes-psicologicos-juridico-forenses\/#primaryimage\",\"url\":\"https:\/\/pasapas.es\/wp-content\/uploads\/2025\/04\/informes-psicologics-juridicoforenses-pas-a-pas.jpg\",\"contentUrl\":\"https:\/\/pasapas.es\/wp-content\/uploads\/2025\/04\/informes-psicologics-juridicoforenses-pas-a-pas.jpg\"},{\"@type\":\"BreadcrumbList\",\"@id\":\"https:\/\/pasapas.es\/es\/informes-psicologicos-juridico-forenses\/#breadcrumb\",\"itemListElement\":[{\"@type\":\"ListItem\",\"position\":1,\"name\":\"Portada\",\"item\":\"https:\/\/pasapas.es\/es\/inicio\/\"},{\"@type\":\"ListItem\",\"position\":2,\"name\":\"Informes psicol\u00f3gicos jur\u00eddico-forenses\"}]},{\"@type\":\"WebSite\",\"@id\":\"https:\/\/pasapas.es\/es\/#website\",\"url\":\"https:\/\/pasapas.es\/es\/\",\"name\":\"Pas a Pas\",\"description\":\"\",\"potentialAction\":[{\"@type\":\"SearchAction\",\"target\":{\"@type\":\"EntryPoint\",\"urlTemplate\":\"https:\/\/pasapas.es\/es\/?s={search_term_string}\"},\"query-input\":{\"@type\":\"PropertyValueSpecification\",\"valueRequired\":true,\"valueName\":\"search_term_string\"}}],\"inLanguage\":\"es\"}]}<\/script>\n<!-- \/ Yoast SEO plugin. -->","yoast_head_json":{"title":"Informes psicol\u00f3gicos jur\u00eddico-forenses - Pas a Pas","description":"Obt\u00e9n informes psicol\u00f3gicos jur\u00eddico-forenses profesionales de Pas a Pas, adaptados a las necesidades legales y evaluaciones espec\u00edficas.","robots":{"index":"index","follow":"follow","max-snippet":"max-snippet:-1","max-image-preview":"max-image-preview:large","max-video-preview":"max-video-preview:-1"},"canonical":"https:\/\/pasapas.es\/es\/informes-psicologicos-juridico-forenses\/","og_locale":"es_ES","og_type":"article","og_title":"Informes psicol\u00f3gicos jur\u00eddico-forenses - Pas a Pas","og_description":"Obt\u00e9n informes psicol\u00f3gicos jur\u00eddico-forenses profesionales de Pas a Pas, adaptados a las necesidades legales y evaluaciones espec\u00edficas.","og_url":"https:\/\/pasapas.es\/es\/informes-psicologicos-juridico-forenses\/","og_site_name":"Pas a Pas","article_modified_time":"2025-05-09T06:30:09+00:00","og_image":[{"url":"https:\/\/pasapas.es\/wp-content\/uploads\/2025\/04\/informes-psicologics-juridicoforenses-pas-a-pas.jpg","type":"","width":"","height":""}],"twitter_card":"summary_large_image","twitter_misc":{"Tiempo de lectura":"2 minutos"},"schema":{"@context":"https:\/\/schema.org","@graph":[{"@type":"WebPage","@id":"https:\/\/pasapas.es\/es\/informes-psicologicos-juridico-forenses\/","url":"https:\/\/pasapas.es\/es\/informes-psicologicos-juridico-forenses\/","name":"Informes psicol\u00f3gicos jur\u00eddico-forenses - Pas a Pas","isPartOf":{"@id":"https:\/\/pasapas.es\/es\/#website"},"primaryImageOfPage":{"@id":"https:\/\/pasapas.es\/es\/informes-psicologicos-juridico-forenses\/#primaryimage"},"image":{"@id":"https:\/\/pasapas.es\/es\/informes-psicologicos-juridico-forenses\/#primaryimage"},"thumbnailUrl":"https:\/\/pasapas.es\/wp-content\/uploads\/2025\/04\/informes-psicologics-juridicoforenses-pas-a-pas.jpg","datePublished":"2025-04-03T08:04:45+00:00","dateModified":"2025-05-09T06:30:09+00:00","description":"Obt\u00e9n informes psicol\u00f3gicos jur\u00eddico-forenses profesionales de Pas a Pas, adaptados a las necesidades legales y evaluaciones espec\u00edficas.","breadcrumb":{"@id":"https:\/\/pasapas.es\/es\/informes-psicologicos-juridico-forenses\/#breadcrumb"},"inLanguage":"es","potentialAction":[{"@type":"ReadAction","target":["https:\/\/pasapas.es\/es\/informes-psicologicos-juridico-forenses\/"]}]},{"@type":"ImageObject","inLanguage":"es","@id":"https:\/\/pasapas.es\/es\/informes-psicologicos-juridico-forenses\/#primaryimage","url":"https:\/\/pasapas.es\/wp-content\/uploads\/2025\/04\/informes-psicologics-juridicoforenses-pas-a-pas.jpg","contentUrl":"https:\/\/pasapas.es\/wp-content\/uploads\/2025\/04\/informes-psicologics-juridicoforenses-pas-a-pas.jpg"},{"@type":"BreadcrumbList","@id":"https:\/\/pasapas.es\/es\/informes-psicologicos-juridico-forenses\/#breadcrumb","itemListElement":[{"@type":"ListItem","position":1,"name":"Portada","item":"https:\/\/pasapas.es\/es\/inicio\/"},{"@type":"ListItem","position":2,"name":"Informes psicol\u00f3gicos jur\u00eddico-forenses"}]},{"@type":"WebSite","@id":"https:\/\/pasapas.es\/es\/#website","url":"https:\/\/pasapas.es\/es\/","name":"Pas a Pas","description":"","potentialAction":[{"@type":"SearchAction","target":{"@type":"EntryPoint","urlTemplate":"https:\/\/pasapas.es\/es\/?s={search_term_string}"},"query-input":{"@type":"PropertyValueSpecification","valueRequired":true,"valueName":"search_term_string"}}],"inLanguage":"es"}]}},"_links":{"self":[{"href":"https:\/\/pasapas.es\/es\/wp-json\/wp\/v2\/pages\/6652","targetHints":{"allow":["GET"]}}],"collection":[{"href":"https:\/\/pasapas.es\/es\/wp-json\/wp\/v2\/pages"}],"about":[{"href":"https:\/\/pasapas.es\/es\/wp-json\/wp\/v2\/types\/page"}],"author":[{"embeddable":true,"href":"https:\/\/pasapas.es\/es\/wp-json\/wp\/v2\/users\/1"}],"replies":[{"embeddable":true,"href":"https:\/\/pasapas.es\/es\/wp-json\/wp\/v2\/comments?post=6652"}],"version-history":[{"count":7,"href":"https:\/\/pasapas.es\/es\/wp-json\/wp\/v2\/pages\/6652\/revisions"}],"predecessor-version":[{"id":7157,"href":"https:\/\/pasapas.es\/es\/wp-json\/wp\/v2\/pages\/6652\/revisions\/7157"}],"wp:attachment":[{"href":"https:\/\/pasapas.es\/es\/wp-json\/wp\/v2\/media?parent=6652"}],"curies":[{"name":"wp","href":"https:\/\/api.w.org\/{rel}","templated":true}]}}