{"id":6642,"date":"2025-04-03T08:32:07","date_gmt":"2025-04-03T06:32:07","guid":{"rendered":"https:\/\/pasapas.es\/adultos\/"},"modified":"2025-05-09T08:25:33","modified_gmt":"2025-05-09T06:25:33","slug":"adultos","status":"publish","type":"page","link":"https:\/\/pasapas.es\/es\/adultos\/","title":{"rendered":"Adultos"},"content":{"rendered":"\t\t<div data-elementor-type=\"wp-page\" data-elementor-id=\"6642\" class=\"elementor elementor-6642 elementor-6548\">\n\t\t\t\t\t\t<section class=\"elementor-section elementor-top-section elementor-element elementor-element-c177fe8 elementor-section-boxed elementor-section-height-default elementor-section-height-default\" data-id=\"c177fe8\" data-element_type=\"section\">\n\t\t\t\t\t\t<div class=\"elementor-container elementor-column-gap-default\">\n\t\t\t\t\t<div class=\"elementor-column elementor-col-100 elementor-top-column elementor-element elementor-element-50ae07a\" data-id=\"50ae07a\" data-element_type=\"column\">\n\t\t\t<div class=\"elementor-widget-wrap elementor-element-populated\">\n\t\t\t\t\t\t<div class=\"elementor-element elementor-element-6ceccbf elementor-widget elementor-widget-heading\" data-id=\"6ceccbf\" data-element_type=\"widget\" data-widget_type=\"heading.default\">\n\t\t\t\t<div class=\"elementor-widget-container\">\n\t\t\t\t\t<h2 class=\"elementor-heading-title elementor-size-default\">Servicios para adultos<\/h2>\t\t\t\t<\/div>\n\t\t\t\t<\/div>\n\t\t\t\t<div class=\"elementor-element elementor-element-2b60b02 elementor-widget elementor-widget-accordion\" data-id=\"2b60b02\" data-element_type=\"widget\" data-widget_type=\"accordion.default\">\n\t\t\t\t<div class=\"elementor-widget-container\">\n\t\t\t\t\t\t\t<div class=\"elementor-accordion\">\n\t\t\t\t\t\t\t<div class=\"elementor-accordion-item\">\n\t\t\t\t\t<div id=\"elementor-tab-title-4541\" class=\"elementor-tab-title\" data-tab=\"1\" role=\"button\" aria-controls=\"elementor-tab-content-4541\" aria-expanded=\"false\">\n\t\t\t\t\t\t\t\t\t\t\t\t\t<span class=\"elementor-accordion-icon elementor-accordion-icon-right\" aria-hidden=\"true\">\n\t\t\t\t\t\t\t\t\t\t\t\t\t\t\t<span class=\"elementor-accordion-icon-closed\"><svg class=\"e-font-icon-svg e-fas-chevron-down\" viewBox=\"0 0 448 512\" xmlns=\"http:\/\/www.w3.org\/2000\/svg\"><path d=\"M207.029 381.476L12.686 187.132c-9.373-9.373-9.373-24.569 0-33.941l22.667-22.667c9.357-9.357 24.522-9.375 33.901-.04L224 284.505l154.745-154.021c9.379-9.335 24.544-9.317 33.901.04l22.667 22.667c9.373 9.373 9.373 24.569 0 33.941L240.971 381.476c-9.373 9.372-24.569 9.372-33.942 0z\"><\/path><\/svg><\/span>\n\t\t\t\t\t\t\t\t<span class=\"elementor-accordion-icon-opened\"><svg class=\"e-font-icon-svg e-fas-chevron-up\" viewBox=\"0 0 448 512\" xmlns=\"http:\/\/www.w3.org\/2000\/svg\"><path d=\"M240.971 130.524l194.343 194.343c9.373 9.373 9.373 24.569 0 33.941l-22.667 22.667c-9.357 9.357-24.522 9.375-33.901.04L224 227.495 69.255 381.516c-9.379 9.335-24.544 9.317-33.901-.04l-22.667-22.667c-9.373-9.373-9.373-24.569 0-33.941L207.03 130.525c9.372-9.373 24.568-9.373 33.941-.001z\"><\/path><\/svg><\/span>\n\t\t\t\t\t\t\t\t\t\t\t\t\t\t<\/span>\n\t\t\t\t\t\t\t\t\t\t\t\t<a class=\"elementor-accordion-title\" tabindex=\"0\">Psicolog\u00eda<\/a>\n\t\t\t\t\t<\/div>\n\t\t\t\t\t<div id=\"elementor-tab-content-4541\" class=\"elementor-tab-content elementor-clearfix\" data-tab=\"1\" role=\"region\" aria-labelledby=\"elementor-tab-title-4541\"><p>Acompa\u00f1amiento para mejorar el crecimiento personal y el estado emocional.<\/p><h5><strong>\u00bfEn qu\u00e9 casos?<\/strong><\/h5><p><img fetchpriority=\"high\" decoding=\"async\" class=\"alignright wp-image-6550 size-medium\" src=\"https:\/\/pasapas.es\/wp-content\/uploads\/2025\/04\/psicologia-adults-pas-a-pas-211x300.png\" alt=\"Psicolog\u00eda adultos Paso a Paso\" width=\"211\" height=\"300\" srcset=\"https:\/\/pasapas.es\/wp-content\/uploads\/2025\/04\/psicologia-adults-pas-a-pas-211x300.png 211w, https:\/\/pasapas.es\/wp-content\/uploads\/2025\/04\/psicologia-adults-pas-a-pas.png 577w\" sizes=\"(max-width: 211px) 100vw, 211px\" \/><\/p><ul><li><p>Terapia individual.<\/p><\/li><li><p>Terapia familiar.<\/p><\/li><li><p>Terapia de pareja.<\/p><\/li><li><p>Ansiedad.<\/p><\/li><li><p>Depresi\u00f3n, estr\u00e9s, autoestima, relaciones sociales,..<\/p><\/li><li><p>Trastornos de la alimentaci\u00f3n.<\/p><\/li><li><p>Obsesiones.<\/p><\/li><\/ul><\/div>\n\t\t\t\t<\/div>\n\t\t\t\t\t\t\t<div class=\"elementor-accordion-item\">\n\t\t\t\t\t<div id=\"elementor-tab-title-4542\" class=\"elementor-tab-title\" data-tab=\"2\" role=\"button\" aria-controls=\"elementor-tab-content-4542\" aria-expanded=\"false\">\n\t\t\t\t\t\t\t\t\t\t\t\t\t<span class=\"elementor-accordion-icon elementor-accordion-icon-right\" aria-hidden=\"true\">\n\t\t\t\t\t\t\t\t\t\t\t\t\t\t\t<span class=\"elementor-accordion-icon-closed\"><svg class=\"e-font-icon-svg e-fas-chevron-down\" viewBox=\"0 0 448 512\" xmlns=\"http:\/\/www.w3.org\/2000\/svg\"><path d=\"M207.029 381.476L12.686 187.132c-9.373-9.373-9.373-24.569 0-33.941l22.667-22.667c9.357-9.357 24.522-9.375 33.901-.04L224 284.505l154.745-154.021c9.379-9.335 24.544-9.317 33.901.04l22.667 22.667c9.373 9.373 9.373 24.569 0 33.941L240.971 381.476c-9.373 9.372-24.569 9.372-33.942 0z\"><\/path><\/svg><\/span>\n\t\t\t\t\t\t\t\t<span class=\"elementor-accordion-icon-opened\"><svg class=\"e-font-icon-svg e-fas-chevron-up\" viewBox=\"0 0 448 512\" xmlns=\"http:\/\/www.w3.org\/2000\/svg\"><path d=\"M240.971 130.524l194.343 194.343c9.373 9.373 9.373 24.569 0 33.941l-22.667 22.667c-9.357 9.357-24.522 9.375-33.901.04L224 227.495 69.255 381.516c-9.379 9.335-24.544 9.317-33.901-.04l-22.667-22.667c-9.373-9.373-9.373-24.569 0-33.941L207.03 130.525c9.372-9.373 24.568-9.373 33.941-.001z\"><\/path><\/svg><\/span>\n\t\t\t\t\t\t\t\t\t\t\t\t\t\t<\/span>\n\t\t\t\t\t\t\t\t\t\t\t\t<a class=\"elementor-accordion-title\" tabindex=\"0\">Logopedia adultos<\/a>\n\t\t\t\t\t<\/div>\n\t\t\t\t\t<div id=\"elementor-tab-content-4542\" class=\"elementor-tab-content elementor-clearfix\" data-tab=\"2\" role=\"region\" aria-labelledby=\"elementor-tab-title-4542\"><h5><strong>\u00bfEn qu\u00e9 casos?<\/strong><\/h5><p>En los adultos pueden haber alteraciones del lenguaje y la escritura, as\u00ed como funcionales, resultado de no haber sido tratadas durante las etapas de desarrollo, o por la aparici\u00f3n de lesiones sobre el sistema nervioso como pueden ser accidentes vasculares cerebrales, par\u00e1lisis facial, traumatismos craneo encef\u00e1lico, enfermedades degenerativas o infecciosas frecuencia acordada con el paciente y con ejercicios de soporte en forma de pauta domiciliaria.<\/p><p>Afasia (p\u00e9rdida o alteraci\u00f3n del lenguaje una vez adquirido).<\/p><p>Disartria (errores de la articulaci\u00f3n de las palabras ocasionados por una lesi\u00f3n en el sistema nervioso central o perif\u00e9rico).<\/p><p>Alexia (p\u00e9rdida de la capacidad de leer una vez se ha adquirido).<\/p><p>Afon\u00eda (p\u00e9rdida total de voz).<\/p><p>Disfon\u00eda (alteraci\u00f3n de la voz que dificulta la comunicaci\u00f3n).<\/p><p>Disfemia (trastorno que afecta a la fluidez del habla).<\/p><\/div>\n\t\t\t\t<\/div>\n\t\t\t\t\t\t\t<div class=\"elementor-accordion-item\">\n\t\t\t\t\t<div id=\"elementor-tab-title-4543\" class=\"elementor-tab-title\" data-tab=\"3\" role=\"button\" aria-controls=\"elementor-tab-content-4543\" aria-expanded=\"false\">\n\t\t\t\t\t\t\t\t\t\t\t\t\t<span class=\"elementor-accordion-icon elementor-accordion-icon-right\" aria-hidden=\"true\">\n\t\t\t\t\t\t\t\t\t\t\t\t\t\t\t<span class=\"elementor-accordion-icon-closed\"><svg class=\"e-font-icon-svg e-fas-chevron-down\" viewBox=\"0 0 448 512\" xmlns=\"http:\/\/www.w3.org\/2000\/svg\"><path d=\"M207.029 381.476L12.686 187.132c-9.373-9.373-9.373-24.569 0-33.941l22.667-22.667c9.357-9.357 24.522-9.375 33.901-.04L224 284.505l154.745-154.021c9.379-9.335 24.544-9.317 33.901.04l22.667 22.667c9.373 9.373 9.373 24.569 0 33.941L240.971 381.476c-9.373 9.372-24.569 9.372-33.942 0z\"><\/path><\/svg><\/span>\n\t\t\t\t\t\t\t\t<span class=\"elementor-accordion-icon-opened\"><svg class=\"e-font-icon-svg e-fas-chevron-up\" viewBox=\"0 0 448 512\" xmlns=\"http:\/\/www.w3.org\/2000\/svg\"><path d=\"M240.971 130.524l194.343 194.343c9.373 9.373 9.373 24.569 0 33.941l-22.667 22.667c-9.357 9.357-24.522 9.375-33.901.04L224 227.495 69.255 381.516c-9.379 9.335-24.544 9.317-33.901-.04l-22.667-22.667c-9.373-9.373-9.373-24.569 0-33.941L207.03 130.525c9.372-9.373 24.568-9.373 33.941-.001z\"><\/path><\/svg><\/span>\n\t\t\t\t\t\t\t\t\t\t\t\t\t\t<\/span>\n\t\t\t\t\t\t\t\t\t\t\t\t<a class=\"elementor-accordion-title\" tabindex=\"0\">Actividades preventivas y terap\u00e9uticas para personas mayores<\/a>\n\t\t\t\t\t<\/div>\n\t\t\t\t\t<div id=\"elementor-tab-content-4543\" class=\"elementor-tab-content elementor-clearfix\" data-tab=\"3\" role=\"region\" aria-labelledby=\"elementor-tab-title-4543\"><h4><strong>Estimulaci\u00f3n cognitiva.<\/strong><\/h4><p>Rehabilitaci\u00f3n de la memoria. Fomenta el razonamiento, la agilidad mental y las capacidades intelectuales que con la enfermedad se ven afectadas.<\/p><h4><strong>Logopedia.<\/strong><\/h4><p>Maximiza las capacidades ling\u00fc\u00edsticas y comunicativas preservadas, manteniendo y estimulando la comprensi\u00f3n verbal, favoreciendo la fluidez y las verbalizaciones.<\/p><h5><strong>\u00bfEn qu\u00e9 casos?<\/strong><\/h5><p>Para prevenir el deterioro cognitivo y mantener aquellas capacidades que todav\u00eda est\u00e1n preservadas.<\/p><p>Enfermos de Alzheimer y Parkinson, personas con trastornos neurol\u00f3gicos a causa de accidentes, ictus, etc., as\u00ed como pacientes m\u00e1s leves que sufren demencia senil.<\/p><p><img decoding=\"async\" class=\"aligncenter wp-image-6552 size-full\" src=\"https:\/\/pasapas.es\/wp-content\/uploads\/2025\/04\/gent-gran-pasapas.png\" alt=\"Personas mayores Paso a Paso\" width=\"696\" height=\"348\" srcset=\"https:\/\/pasapas.es\/wp-content\/uploads\/2025\/04\/gent-gran-pasapas.png 696w, https:\/\/pasapas.es\/wp-content\/uploads\/2025\/04\/gent-gran-pasapas-300x150.png 300w\" sizes=\"(max-width: 696px) 100vw, 696px\" \/><\/p><\/div>\n\t\t\t\t<\/div>\n\t\t\t\t\t\t\t<div class=\"elementor-accordion-item\">\n\t\t\t\t\t<div id=\"elementor-tab-title-4544\" class=\"elementor-tab-title\" data-tab=\"4\" role=\"button\" aria-controls=\"elementor-tab-content-4544\" aria-expanded=\"false\">\n\t\t\t\t\t\t\t\t\t\t\t\t\t<span class=\"elementor-accordion-icon elementor-accordion-icon-right\" aria-hidden=\"true\">\n\t\t\t\t\t\t\t\t\t\t\t\t\t\t\t<span class=\"elementor-accordion-icon-closed\"><svg class=\"e-font-icon-svg e-fas-chevron-down\" viewBox=\"0 0 448 512\" xmlns=\"http:\/\/www.w3.org\/2000\/svg\"><path d=\"M207.029 381.476L12.686 187.132c-9.373-9.373-9.373-24.569 0-33.941l22.667-22.667c9.357-9.357 24.522-9.375 33.901-.04L224 284.505l154.745-154.021c9.379-9.335 24.544-9.317 33.901.04l22.667 22.667c9.373 9.373 9.373 24.569 0 33.941L240.971 381.476c-9.373 9.372-24.569 9.372-33.942 0z\"><\/path><\/svg><\/span>\n\t\t\t\t\t\t\t\t<span class=\"elementor-accordion-icon-opened\"><svg class=\"e-font-icon-svg e-fas-chevron-up\" viewBox=\"0 0 448 512\" xmlns=\"http:\/\/www.w3.org\/2000\/svg\"><path d=\"M240.971 130.524l194.343 194.343c9.373 9.373 9.373 24.569 0 33.941l-22.667 22.667c-9.357 9.357-24.522 9.375-33.901.04L224 227.495 69.255 381.516c-9.379 9.335-24.544 9.317-33.901-.04l-22.667-22.667c-9.373-9.373-9.373-24.569 0-33.941L207.03 130.525c9.372-9.373 24.568-9.373 33.941-.001z\"><\/path><\/svg><\/span>\n\t\t\t\t\t\t\t\t\t\t\t\t\t\t<\/span>\n\t\t\t\t\t\t\t\t\t\t\t\t<a class=\"elementor-accordion-title\" tabindex=\"0\">Taller de Rehabilitaci\u00f3n de la Memoria<\/a>\n\t\t\t\t\t<\/div>\n\t\t\t\t\t<div id=\"elementor-tab-content-4544\" class=\"elementor-tab-content elementor-clearfix\" data-tab=\"4\" role=\"region\" aria-labelledby=\"elementor-tab-title-4544\"><h4>Para personas mayores o que quieran mantener en forma su memoria<\/h4><p align=\"LEFT\">Retrasa el deterioro cognitivo y mantienen aquellas capacidades que todav\u00eda est\u00e1n preservadas.<\/p><p align=\"LEFT\">Fomenta el razonamiento, la agilidad mental y en general todas las capacidades intelectuales que con la enfermedad se ven afectadas o pueden afectarse.<\/p><h5 align=\"LEFT\"><strong>Objetivos<\/strong><\/h5><p align=\"LEFT\">Retrasar los efectos de la demencia, tanto en el caso de la enfermedad de Alzheimer como en otras demencias.<\/p><p align=\"LEFT\">Ayudar a la rehabilitaci\u00f3n de la memoria en personas en depresi\u00f3n, ansiedad, fibromialgia\u2026.<\/p><p align=\"LEFT\">Ejercitar la memoria en general.<\/p><h5 align=\"LEFT\"><strong>Destinatarios<\/strong><strong>\u200b<\/strong><\/h5><p align=\"LEFT\">Enfermos de Alzheimer y Parkinson, personas con trastornos neurol\u00f3gicos a causa de accidentes, ictus, pacientes m\u00e1s leves que sufren demencia senil y por lo general a todo tipo de personas que quieran mantener en forma su memoria.<\/p><\/div>\n\t\t\t\t<\/div>\n\t\t\t\t\t\t\t\t<\/div>\n\t\t\t\t\t\t<\/div>\n\t\t\t\t<\/div>\n\t\t\t\t<div class=\"elementor-element elementor-element-636b104 elementor-align-center elementor-hidden-desktop elementor-hidden-tablet elementor-hidden-mobile elementor-widget elementor-widget-button\" data-id=\"636b104\" data-element_type=\"widget\" data-widget_type=\"button.default\">\n\t\t\t\t<div class=\"elementor-widget-container\">\n\t\t\t\t\t\t\t\t\t<div class=\"elementor-button-wrapper\">\n\t\t\t\t\t<a class=\"elementor-button elementor-button-link elementor-size-sm\" href=\"https:\/\/wp.creativegigstf.com\/zoomy\/contact-us\/\">\n\t\t\t\t\t\t<span class=\"elementor-button-content-wrapper\">\n\t\t\t\t\t\t\t\t\t<span class=\"elementor-button-text\">Add Your Questions<\/span>\n\t\t\t\t\t<\/span>\n\t\t\t\t\t<\/a>\n\t\t\t\t<\/div>\n\t\t\t\t\t\t\t\t<\/div>\n\t\t\t\t<\/div>\n\t\t\t\t\t<\/div>\n\t\t<\/div>\n\t\t\t\t\t<\/div>\n\t\t<\/section>\n\t\t\t\t<\/div>\n\t\t","protected":false},"excerpt":{"rendered":"<p>Servicios para adultos Psicolog\u00eda Acompa\u00f1amiento para mejorar el crecimiento personal y el estado emocional. \u00bfEn qu\u00e9 casos? Terapia individual. Terapia [&hellip;]<\/p>\n","protected":false},"author":1,"featured_media":0,"parent":0,"menu_order":0,"comment_status":"closed","ping_status":"closed","template":"","meta":{"_acf_changed":false,"footnotes":""},"class_list":["post-6642","page","type-page","status-publish","hentry"],"acf":[],"yoast_head":"<!-- This site is optimized with the Yoast SEO plugin v24.8 - https:\/\/yoast.com\/wordpress\/plugins\/seo\/ -->\n<title>Adultos - Pas a Pas<\/title>\n<meta name=\"description\" content=\"Consulta los servicios de psicolog\u00eda, pedagog\u00eda, logopedia, actividades preventivas, terap\u00e9uticas y cursos que ofrecemos a adultos.\" \/>\n<meta name=\"robots\" content=\"index, follow, max-snippet:-1, max-image-preview:large, max-video-preview:-1\" \/>\n<link rel=\"canonical\" href=\"https:\/\/pasapas.es\/es\/adultos\/\" \/>\n<meta property=\"og:locale\" content=\"es_ES\" \/>\n<meta property=\"og:type\" content=\"article\" \/>\n<meta property=\"og:title\" content=\"Adultos - Pas a Pas\" \/>\n<meta property=\"og:description\" content=\"Consulta los servicios de psicolog\u00eda, pedagog\u00eda, logopedia, actividades preventivas, terap\u00e9uticas y cursos que ofrecemos a adultos.\" \/>\n<meta property=\"og:url\" content=\"https:\/\/pasapas.es\/es\/adultos\/\" \/>\n<meta property=\"og:site_name\" content=\"Pas a Pas\" \/>\n<meta property=\"article:modified_time\" content=\"2025-05-09T06:25:33+00:00\" \/>\n<meta property=\"og:image\" content=\"https:\/\/pasapas.es\/wp-content\/uploads\/2025\/04\/psicologia-adults-pas-a-pas-211x300.png\" \/>\n<meta name=\"twitter:card\" content=\"summary_large_image\" \/>\n<meta name=\"twitter:label1\" content=\"Tiempo de lectura\" \/>\n\t<meta name=\"twitter:data1\" content=\"3 minutos\" \/>\n<script type=\"application\/ld+json\" class=\"yoast-schema-graph\">{\"@context\":\"https:\/\/schema.org\",\"@graph\":[{\"@type\":\"WebPage\",\"@id\":\"https:\/\/pasapas.es\/es\/adultos\/\",\"url\":\"https:\/\/pasapas.es\/es\/adultos\/\",\"name\":\"Adultos - Pas a Pas\",\"isPartOf\":{\"@id\":\"https:\/\/pasapas.es\/es\/#website\"},\"primaryImageOfPage\":{\"@id\":\"https:\/\/pasapas.es\/es\/adultos\/#primaryimage\"},\"image\":{\"@id\":\"https:\/\/pasapas.es\/es\/adultos\/#primaryimage\"},\"thumbnailUrl\":\"https:\/\/pasapas.es\/wp-content\/uploads\/2025\/04\/psicologia-adults-pas-a-pas-211x300.png\",\"datePublished\":\"2025-04-03T06:32:07+00:00\",\"dateModified\":\"2025-05-09T06:25:33+00:00\",\"description\":\"Consulta los servicios de psicolog\u00eda, pedagog\u00eda, logopedia, actividades preventivas, terap\u00e9uticas y cursos que ofrecemos a adultos.\",\"breadcrumb\":{\"@id\":\"https:\/\/pasapas.es\/es\/adultos\/#breadcrumb\"},\"inLanguage\":\"es\",\"potentialAction\":[{\"@type\":\"ReadAction\",\"target\":[\"https:\/\/pasapas.es\/es\/adultos\/\"]}]},{\"@type\":\"ImageObject\",\"inLanguage\":\"es\",\"@id\":\"https:\/\/pasapas.es\/es\/adultos\/#primaryimage\",\"url\":\"https:\/\/pasapas.es\/wp-content\/uploads\/2025\/04\/psicologia-adults-pas-a-pas-211x300.png\",\"contentUrl\":\"https:\/\/pasapas.es\/wp-content\/uploads\/2025\/04\/psicologia-adults-pas-a-pas-211x300.png\"},{\"@type\":\"BreadcrumbList\",\"@id\":\"https:\/\/pasapas.es\/es\/adultos\/#breadcrumb\",\"itemListElement\":[{\"@type\":\"ListItem\",\"position\":1,\"name\":\"Portada\",\"item\":\"https:\/\/pasapas.es\/es\/inicio\/\"},{\"@type\":\"ListItem\",\"position\":2,\"name\":\"Adultos\"}]},{\"@type\":\"WebSite\",\"@id\":\"https:\/\/pasapas.es\/es\/#website\",\"url\":\"https:\/\/pasapas.es\/es\/\",\"name\":\"Pas a Pas\",\"description\":\"\",\"potentialAction\":[{\"@type\":\"SearchAction\",\"target\":{\"@type\":\"EntryPoint\",\"urlTemplate\":\"https:\/\/pasapas.es\/es\/?s={search_term_string}\"},\"query-input\":{\"@type\":\"PropertyValueSpecification\",\"valueRequired\":true,\"valueName\":\"search_term_string\"}}],\"inLanguage\":\"es\"}]}<\/script>\n<!-- \/ Yoast SEO plugin. -->","yoast_head_json":{"title":"Adultos - Pas a Pas","description":"Consulta los servicios de psicolog\u00eda, pedagog\u00eda, logopedia, actividades preventivas, terap\u00e9uticas y cursos que ofrecemos a adultos.","robots":{"index":"index","follow":"follow","max-snippet":"max-snippet:-1","max-image-preview":"max-image-preview:large","max-video-preview":"max-video-preview:-1"},"canonical":"https:\/\/pasapas.es\/es\/adultos\/","og_locale":"es_ES","og_type":"article","og_title":"Adultos - Pas a Pas","og_description":"Consulta los servicios de psicolog\u00eda, pedagog\u00eda, logopedia, actividades preventivas, terap\u00e9uticas y cursos que ofrecemos a adultos.","og_url":"https:\/\/pasapas.es\/es\/adultos\/","og_site_name":"Pas a Pas","article_modified_time":"2025-05-09T06:25:33+00:00","og_image":[{"url":"https:\/\/pasapas.es\/wp-content\/uploads\/2025\/04\/psicologia-adults-pas-a-pas-211x300.png","type":"","width":"","height":""}],"twitter_card":"summary_large_image","twitter_misc":{"Tiempo de lectura":"3 minutos"},"schema":{"@context":"https:\/\/schema.org","@graph":[{"@type":"WebPage","@id":"https:\/\/pasapas.es\/es\/adultos\/","url":"https:\/\/pasapas.es\/es\/adultos\/","name":"Adultos - Pas a Pas","isPartOf":{"@id":"https:\/\/pasapas.es\/es\/#website"},"primaryImageOfPage":{"@id":"https:\/\/pasapas.es\/es\/adultos\/#primaryimage"},"image":{"@id":"https:\/\/pasapas.es\/es\/adultos\/#primaryimage"},"thumbnailUrl":"https:\/\/pasapas.es\/wp-content\/uploads\/2025\/04\/psicologia-adults-pas-a-pas-211x300.png","datePublished":"2025-04-03T06:32:07+00:00","dateModified":"2025-05-09T06:25:33+00:00","description":"Consulta los servicios de psicolog\u00eda, pedagog\u00eda, logopedia, actividades preventivas, terap\u00e9uticas y cursos que ofrecemos a adultos.","breadcrumb":{"@id":"https:\/\/pasapas.es\/es\/adultos\/#breadcrumb"},"inLanguage":"es","potentialAction":[{"@type":"ReadAction","target":["https:\/\/pasapas.es\/es\/adultos\/"]}]},{"@type":"ImageObject","inLanguage":"es","@id":"https:\/\/pasapas.es\/es\/adultos\/#primaryimage","url":"https:\/\/pasapas.es\/wp-content\/uploads\/2025\/04\/psicologia-adults-pas-a-pas-211x300.png","contentUrl":"https:\/\/pasapas.es\/wp-content\/uploads\/2025\/04\/psicologia-adults-pas-a-pas-211x300.png"},{"@type":"BreadcrumbList","@id":"https:\/\/pasapas.es\/es\/adultos\/#breadcrumb","itemListElement":[{"@type":"ListItem","position":1,"name":"Portada","item":"https:\/\/pasapas.es\/es\/inicio\/"},{"@type":"ListItem","position":2,"name":"Adultos"}]},{"@type":"WebSite","@id":"https:\/\/pasapas.es\/es\/#website","url":"https:\/\/pasapas.es\/es\/","name":"Pas a Pas","description":"","potentialAction":[{"@type":"SearchAction","target":{"@type":"EntryPoint","urlTemplate":"https:\/\/pasapas.es\/es\/?s={search_term_string}"},"query-input":{"@type":"PropertyValueSpecification","valueRequired":true,"valueName":"search_term_string"}}],"inLanguage":"es"}]}},"_links":{"self":[{"href":"https:\/\/pasapas.es\/es\/wp-json\/wp\/v2\/pages\/6642","targetHints":{"allow":["GET"]}}],"collection":[{"href":"https:\/\/pasapas.es\/es\/wp-json\/wp\/v2\/pages"}],"about":[{"href":"https:\/\/pasapas.es\/es\/wp-json\/wp\/v2\/types\/page"}],"author":[{"embeddable":true,"href":"https:\/\/pasapas.es\/es\/wp-json\/wp\/v2\/users\/1"}],"replies":[{"embeddable":true,"href":"https:\/\/pasapas.es\/es\/wp-json\/wp\/v2\/comments?post=6642"}],"version-history":[{"count":10,"href":"https:\/\/pasapas.es\/es\/wp-json\/wp\/v2\/pages\/6642\/revisions"}],"predecessor-version":[{"id":7153,"href":"https:\/\/pasapas.es\/es\/wp-json\/wp\/v2\/pages\/6642\/revisions\/7153"}],"wp:attachment":[{"href":"https:\/\/pasapas.es\/es\/wp-json\/wp\/v2\/media?parent=6642"}],"curies":[{"name":"wp","href":"https:\/\/api.w.org\/{rel}","templated":true}]}}